{"id":66,"date":"2020-10-27T09:29:10","date_gmt":"2020-10-27T08:29:10","guid":{"rendered":"https:\/\/unss.sk\/edi\/?page_id=66"},"modified":"2022-02-10T13:24:19","modified_gmt":"2022-02-10T12:24:19","slug":"contact","status":"publish","type":"page","link":"https:\/\/unss.sk\/edi\/en\/contact\/","title":{"rendered":"Contact"},"content":{"rendered":"\n\n\n<p>For detailed information contact the project team.<br><strong>Project Coordinator:<\/strong><br>Michaela Hajdukov\u00e1 \u2013 <a href=\"&#x6d;&#x61;&#x69;&#108;&#116;o:&#x68;&#x6f;&#x6b;&#x6f;&#118;&#97;&#64;u&#x6e;&#x73;&#x73;&#46;&#115;&#107;\">h&#97;&#106;&#x64;&#x75;&#x6b;ov&#97;&#64;&#x75;&#x6e;&#x73;s&#46;&#115;&#107;<\/a><strong>, +421<strong>905 361 840<\/strong><\/strong><br><strong>Assistant of Project Coordinator:<\/strong><br>Stanislav Sokol \u2013 <a href=\"&#x6d;&#x61;&#x69;&#108;&#116;o:&#x68;&#x61;&#x6a;&#100;&#117;ko&#x76;&#x61;&#x40;&#117;&#110;ss&#x2e;&#x73;&#x6b;\">&#115;&#x6f;&#107;&#x6f;l&#x40;u&#110;&#x73;&#115;&#x2e;s&#x6b;<\/a><\/p>\n","protected":false},"excerpt":{"rendered":"<div class=\"entry-summary\">\n<div class=\"entry-summary\">\nFor detailed information contact the project team.Project Coordinator:Michaela Hajdukov\u00e1 \u2013 &#x68;&#97;&#x6a;&#x64;&#117;&#x6b;&#111;v&#x61;&#64;u&#x6e;&#115;s&#x2e;&#115;k, +421905 361 840Assistant of Project Coordinator:Stanislav Sokol \u2013 s&#111;&#x6b;&#x6f;l&#64;&#x75;&#x6e;s&#115;&#x2e;&#x73;k\n<\/div>\n<div class=\"link-more\"><a href=\"https:\/\/unss.sk\/edi\/en\/contact\/\" class=\"more-link\">Pre\u010d\u00edta\u0165<span class=\"screen-reader-text\"> &ldquo;Contact&rdquo;<\/span>&hellip;<\/a><\/div>\n<\/div>\n<div class=\"link-more\"><a href=\"https:\/\/unss.sk\/edi\/en\/contact\/\" class=\"more-link\">Pre\u010d\u00edta\u0165<span class=\"screen-reader-text\"> &ldquo;Contact&rdquo;<\/span>&hellip;<\/a><\/div>\n","protected":false},"author":1,"featured_media":0,"parent":0,"menu_order":0,"comment_status":"closed","ping_status":"closed","template":"","meta":[],"acf":[],"_links":{"self":[{"href":"https:\/\/unss.sk\/edi\/wp-json\/wp\/v2\/pages\/66"}],"collection":[{"href":"https:\/\/unss.sk\/edi\/wp-json\/wp\/v2\/pages"}],"about":[{"href":"https:\/\/unss.sk\/edi\/wp-json\/wp\/v2\/types\/page"}],"author":[{"embeddable":true,"href":"https:\/\/unss.sk\/edi\/wp-json\/wp\/v2\/users\/1"}],"replies":[{"embeddable":true,"href":"https:\/\/unss.sk\/edi\/wp-json\/wp\/v2\/comments?post=66"}],"version-history":[{"count":2,"href":"https:\/\/unss.sk\/edi\/wp-json\/wp\/v2\/pages\/66\/revisions"}],"predecessor-version":[{"id":201,"href":"https:\/\/unss.sk\/edi\/wp-json\/wp\/v2\/pages\/66\/revisions\/201"}],"wp:attachment":[{"href":"https:\/\/unss.sk\/edi\/wp-json\/wp\/v2\/media?parent=66"}],"curies":[{"name":"wp","href":"https:\/\/api.w.org\/{rel}","templated":true}]}}