{"id":64,"date":"2020-10-27T09:05:01","date_gmt":"2020-10-27T08:05:01","guid":{"rendered":"https:\/\/unss.sk\/edi\/?page_id=64"},"modified":"2020-10-27T09:05:02","modified_gmt":"2020-10-27T08:05:02","slug":"partners","status":"publish","type":"page","link":"https:\/\/unss.sk\/edi\/en\/partners\/","title":{"rendered":"Partners"},"content":{"rendered":"\n\n\n<p>The project partners:<\/p>\n\n\n\n<ul><li><a href=\"https:\/\/unss.sk\">Slovak Blind and Partially Sighted Union (UNSS) \u2013 coordinator<\/a><\/li><li><a href=\"https:\/\/www.funka.com\/en\/\">FUNKA \u2013 European leader in the area of accessibility \u2013 partner<\/a><\/li><li><a href=\"https:\/\/www.teiresias.muni.cz\/\">Teiresias \u2013 the Support Centre for Students with Special Needs \u2013 partner<\/a><\/li><li><a href=\"https:\/\/www.zmos.sk\/\">Association of Towns and Villages of Slovakia \u2013 associated partner<\/a><\/li><\/ul>\n\n\n\n<p><\/p>\n","protected":false},"excerpt":{"rendered":"<div class=\"entry-summary\">\n<div class=\"entry-summary\">\nThe project partners: Slovak Blind and Partially Sighted Union (UNSS) \u2013 coordinator FUNKA \u2013 European leader in the area of accessibility \u2013 partner Teiresias \u2013 the Support Centre for Students with Special Needs \u2013 partner Association of Towns and Villages&hellip;\n<\/div>\n<div class=\"link-more\"><a href=\"https:\/\/unss.sk\/edi\/en\/partners\/\" class=\"more-link\">Pre\u010d\u00edta\u0165<span class=\"screen-reader-text\"> &ldquo;Partners&rdquo;<\/span>&hellip;<\/a><\/div>\n<\/div>\n<div class=\"link-more\"><a href=\"https:\/\/unss.sk\/edi\/en\/partners\/\" class=\"more-link\">Pre\u010d\u00edta\u0165<span class=\"screen-reader-text\"> &ldquo;Partners&rdquo;<\/span>&hellip;<\/a><\/div>\n","protected":false},"author":1,"featured_media":0,"parent":0,"menu_order":0,"comment_status":"closed","ping_status":"closed","template":"","meta":[],"acf":[],"_links":{"self":[{"href":"https:\/\/unss.sk\/edi\/wp-json\/wp\/v2\/pages\/64"}],"collection":[{"href":"https:\/\/unss.sk\/edi\/wp-json\/wp\/v2\/pages"}],"about":[{"href":"https:\/\/unss.sk\/edi\/wp-json\/wp\/v2\/types\/page"}],"author":[{"embeddable":true,"href":"https:\/\/unss.sk\/edi\/wp-json\/wp\/v2\/users\/1"}],"replies":[{"embeddable":true,"href":"https:\/\/unss.sk\/edi\/wp-json\/wp\/v2\/comments?post=64"}],"version-history":[{"count":1,"href":"https:\/\/unss.sk\/edi\/wp-json\/wp\/v2\/pages\/64\/revisions"}],"predecessor-version":[{"id":65,"href":"https:\/\/unss.sk\/edi\/wp-json\/wp\/v2\/pages\/64\/revisions\/65"}],"wp:attachment":[{"href":"https:\/\/unss.sk\/edi\/wp-json\/wp\/v2\/media?parent=64"}],"curies":[{"name":"wp","href":"https:\/\/api.w.org\/{rel}","templated":true}]}}